{"id":104,"date":"2022-07-07T20:29:02","date_gmt":"2022-07-07T18:29:02","guid":{"rendered":"https:\/\/mph-kontor.de\/web\/?page_id=104"},"modified":"2022-07-07T20:29:02","modified_gmt":"2022-07-07T18:29:02","slug":"kontor","status":"publish","type":"page","link":"https:\/\/mph-kontor.de\/web\/kontor\/","title":{"rendered":"KONTOR"},"content":{"rendered":"\n<p>&#8222;Das Kontor als Schaltzentrale unternehmerischen Handelns&#8230;..&#8220; so verstand man bereits vor mehr als einhundert Jahren den Begriff Kontor.                                                                                                          Mit der Genauigkeit und Seriosit\u00e4t die man mit dem Begriff Handelskontor verbindet, planen und verwirklichen wir Kundenw\u00fcnsche deutschlandweit und bis \u00fcber die Grenzen hinaus.<\/p>\n","protected":false},"excerpt":{"rendered":"<div class=\"entry-summary\">\n&#8222;Das Kontor als Schaltzentrale unternehmerischen Handelns&#8230;..&#8220; so verstand man bereits vor mehr&hellip;\n<\/div>\n<div class=\"link-more\"><a href=\"https:\/\/mph-kontor.de\/web\/kontor\/\" class=\"more-link\">Continue reading<span class=\"screen-reader-text\"> &ldquo;KONTOR&rdquo;<\/span>&hellip;<\/a><\/div>\n","protected":false},"author":2,"featured_media":0,"parent":0,"menu_order":0,"comment_status":"closed","ping_status":"closed","template":"","meta":{"advanced_seo_description":"","footnotes":""},"class_list":["post-104","page","type-page","status-publish","hentry","entry"],"_links":{"self":[{"href":"https:\/\/mph-kontor.de\/web\/wp-json\/wp\/v2\/pages\/104","targetHints":{"allow":["GET"]}}],"collection":[{"href":"https:\/\/mph-kontor.de\/web\/wp-json\/wp\/v2\/pages"}],"about":[{"href":"https:\/\/mph-kontor.de\/web\/wp-json\/wp\/v2\/types\/page"}],"author":[{"embeddable":true,"href":"https:\/\/mph-kontor.de\/web\/wp-json\/wp\/v2\/users\/2"}],"replies":[{"embeddable":true,"href":"https:\/\/mph-kontor.de\/web\/wp-json\/wp\/v2\/comments?post=104"}],"version-history":[{"count":1,"href":"https:\/\/mph-kontor.de\/web\/wp-json\/wp\/v2\/pages\/104\/revisions"}],"predecessor-version":[{"id":105,"href":"https:\/\/mph-kontor.de\/web\/wp-json\/wp\/v2\/pages\/104\/revisions\/105"}],"wp:attachment":[{"href":"https:\/\/mph-kontor.de\/web\/wp-json\/wp\/v2\/media?parent=104"}],"curies":[{"name":"wp","href":"https:\/\/api.w.org\/{rel}","templated":true}]}}